{"id":748,"date":"2022-05-31T01:04:00","date_gmt":"2022-05-31T01:04:00","guid":{"rendered":"https:\/\/loucosporviajar.net\/?page_id=748"},"modified":"2022-06-08T23:19:16","modified_gmt":"2022-06-08T23:19:16","slug":"sobre-nos","status":"publish","type":"page","link":"https:\/\/loucosporviajar.net\/index.php\/pagina-inicial\/sobre-nos\/","title":{"rendered":"Sobre N\u00f3s"},"content":{"rendered":"\t\t<div data-elementor-type=\"wp-page\" data-elementor-id=\"748\" class=\"elementor elementor-748\">\n\t\t\t\t\t\t<section class=\"elementor-section elementor-top-section elementor-element elementor-element-21f43b1 elementor-section-boxed elementor-section-height-default elementor-section-height-default wpr-particle-no wpr-jarallax-no wpr-parallax-no wpr-sticky-section-no\" data-id=\"21f43b1\" data-element_type=\"section\">\n\t\t\t\t\t\t<div class=\"elementor-container elementor-column-gap-default\">\n\t\t\t\t\t<div class=\"elementor-column elementor-col-50 elementor-top-column elementor-element elementor-element-6071399\" data-id=\"6071399\" data-element_type=\"column\">\n\t\t\t<div class=\"elementor-widget-wrap elementor-element-populated\">\n\t\t\t\t\t\t<div class=\"elementor-element elementor-element-da74b7e elementor-arrows-position-inside elementor-widget elementor-widget-image-carousel\" data-id=\"da74b7e\" data-element_type=\"widget\" data-settings=\"{&quot;slides_to_show&quot;:&quot;1&quot;,&quot;navigation&quot;:&quot;arrows&quot;,&quot;autoplay&quot;:&quot;yes&quot;,&quot;pause_on_hover&quot;:&quot;yes&quot;,&quot;pause_on_interaction&quot;:&quot;yes&quot;,&quot;autoplay_speed&quot;:5000,&quot;infinite&quot;:&quot;yes&quot;,&quot;effect&quot;:&quot;slide&quot;,&quot;speed&quot;:500}\" data-widget_type=\"image-carousel.default\">\n\t\t\t\t<div class=\"elementor-widget-container\">\n\t\t\t\t\t\t\t<div class=\"elementor-image-carousel-wrapper swiper\" role=\"region\" aria-roledescription=\"carousel\" aria-label=\"Image Carousel\" dir=\"rtl\">\n\t\t\t<div class=\"elementor-image-carousel swiper-wrapper\" aria-live=\"off\">\n\t\t\t\t\t\t\t\t<div class=\"swiper-slide\" role=\"group\" aria-roledescription=\"slide\" aria-label=\"1 of 13\"><figure class=\"swiper-slide-inner\"><img decoding=\"async\" class=\"swiper-slide-image\" src=\"https:\/\/loucosporviajar.net\/wp-content\/uploads\/2022\/05\/SANY0393-1-768x576.jpg\" alt=\"SANYO DIGITAL CAMERA\" \/><\/figure><\/div><div class=\"swiper-slide\" role=\"group\" aria-roledescription=\"slide\" aria-label=\"2 of 13\"><figure class=\"swiper-slide-inner\"><img decoding=\"async\" class=\"swiper-slide-image\" src=\"https:\/\/loucosporviajar.net\/wp-content\/uploads\/2022\/05\/IMG_0033-20180427-122728-1-768x576.jpg\" alt=\"IMG_0033-20180427-122728\" \/><\/figure><\/div><div class=\"swiper-slide\" role=\"group\" aria-roledescription=\"slide\" aria-label=\"3 of 13\"><figure class=\"swiper-slide-inner\"><img decoding=\"async\" class=\"swiper-slide-image\" src=\"https:\/\/loucosporviajar.net\/wp-content\/uploads\/2022\/05\/IMG_0031-20180426-174655-1-768x576.jpg\" alt=\"IMG_0031-20180426-174655\" \/><\/figure><\/div><div class=\"swiper-slide\" role=\"group\" aria-roledescription=\"slide\" aria-label=\"4 of 13\"><figure class=\"swiper-slide-inner\"><img decoding=\"async\" class=\"swiper-slide-image\" src=\"https:\/\/loucosporviajar.net\/wp-content\/uploads\/2022\/05\/IMG_0010-20161125-095133-1-768x576.jpg\" alt=\"IMG_0010-20161125-095133\" \/><\/figure><\/div><div class=\"swiper-slide\" role=\"group\" aria-roledescription=\"slide\" aria-label=\"5 of 13\"><figure class=\"swiper-slide-inner\"><img decoding=\"async\" class=\"swiper-slide-image\" src=\"https:\/\/loucosporviajar.net\/wp-content\/uploads\/2022\/05\/IMG_0051-20180510-174940-1-768x576.jpg\" alt=\"IMG_0051-20180510-174940\" \/><\/figure><\/div><div class=\"swiper-slide\" role=\"group\" aria-roledescription=\"slide\" aria-label=\"6 of 13\"><figure class=\"swiper-slide-inner\"><img decoding=\"async\" class=\"swiper-slide-image\" src=\"https:\/\/loucosporviajar.net\/wp-content\/uploads\/2022\/05\/IMG_0049-20180421-150236-1-768x576.jpg\" alt=\"IMG_0049-20180421-150236\" \/><\/figure><\/div><div class=\"swiper-slide\" role=\"group\" aria-roledescription=\"slide\" aria-label=\"7 of 13\"><figure class=\"swiper-slide-inner\"><img decoding=\"async\" class=\"swiper-slide-image\" src=\"https:\/\/loucosporviajar.net\/wp-content\/uploads\/2022\/05\/IMG_0040-1-768x576.jpg\" alt=\"IMG_0040\" \/><\/figure><\/div><div class=\"swiper-slide\" role=\"group\" aria-roledescription=\"slide\" aria-label=\"8 of 13\"><figure class=\"swiper-slide-inner\"><img decoding=\"async\" class=\"swiper-slide-image\" src=\"https:\/\/loucosporviajar.net\/wp-content\/uploads\/2022\/05\/20171213170548-1-768x576.jpg\" alt=\"20171213170548\" \/><\/figure><\/div><div class=\"swiper-slide\" role=\"group\" aria-roledescription=\"slide\" aria-label=\"9 of 13\"><figure class=\"swiper-slide-inner\"><img decoding=\"async\" class=\"swiper-slide-image\" src=\"https:\/\/loucosporviajar.net\/wp-content\/uploads\/2022\/05\/anigif-1-768x575.gif\" alt=\"anigif\" \/><\/figure><\/div><div class=\"swiper-slide\" role=\"group\" aria-roledescription=\"slide\" aria-label=\"10 of 13\"><figure class=\"swiper-slide-inner\"><img decoding=\"async\" class=\"swiper-slide-image\" src=\"https:\/\/loucosporviajar.net\/wp-content\/uploads\/2022\/05\/DSCN1738-1-768x576.jpg\" alt=\"DSCN1738\" \/><\/figure><\/div><div class=\"swiper-slide\" role=\"group\" aria-roledescription=\"slide\" aria-label=\"11 of 13\"><figure class=\"swiper-slide-inner\"><img decoding=\"async\" class=\"swiper-slide-image\" src=\"https:\/\/loucosporviajar.net\/wp-content\/uploads\/2022\/05\/DSCN2273-1-768x576.jpg\" alt=\"DSCN2273\" \/><\/figure><\/div><div class=\"swiper-slide\" role=\"group\" aria-roledescription=\"slide\" aria-label=\"12 of 13\"><figure class=\"swiper-slide-inner\"><img decoding=\"async\" class=\"swiper-slide-image\" src=\"https:\/\/loucosporviajar.net\/wp-content\/uploads\/2022\/05\/IMG_0062-20180419-110553-1-768x576.jpg\" alt=\"IMG_0062-20180419-110553\" \/><\/figure><\/div><div class=\"swiper-slide\" role=\"group\" aria-roledescription=\"slide\" aria-label=\"13 of 13\"><figure class=\"swiper-slide-inner\"><img decoding=\"async\" class=\"swiper-slide-image\" src=\"https:\/\/loucosporviajar.net\/wp-content\/uploads\/2022\/05\/cropped-cropped-Foto-site-768x877.jpg\" alt=\"cropped-cropped-Foto-site.jpg\" \/><\/figure><\/div>\t\t\t<\/div>\n\t\t\t\t\t\t\t\t\t\t\t\t<div class=\"elementor-swiper-button elementor-swiper-button-prev\" role=\"button\" tabindex=\"0\">\n\t\t\t\t\t\t<i aria-hidden=\"true\" class=\"eicon-chevron-left\"><\/i>\t\t\t\t\t<\/div>\n\t\t\t\t\t<div class=\"elementor-swiper-button elementor-swiper-button-next\" role=\"button\" tabindex=\"0\">\n\t\t\t\t\t\t<i aria-hidden=\"true\" class=\"eicon-chevron-right\"><\/i>\t\t\t\t\t<\/div>\n\t\t\t\t\n\t\t\t\t\t\t\t\t\t<\/div>\n\t\t\t\t\t\t<\/div>\n\t\t\t\t<\/div>\n\t\t\t\t\t<\/div>\n\t\t<\/div>\n\t\t\t\t<div class=\"elementor-column elementor-col-50 elementor-top-column elementor-element elementor-element-2ee7aad\" data-id=\"2ee7aad\" data-element_type=\"column\">\n\t\t\t<div class=\"elementor-widget-wrap elementor-element-populated\">\n\t\t\t\t\t\t<div class=\"elementor-element elementor-element-67cbc41 elementor-widget elementor-widget-text-editor\" data-id=\"67cbc41\" data-element_type=\"widget\" data-widget_type=\"text-editor.default\">\n\t\t\t\t<div class=\"elementor-widget-container\">\n\t\t\t\t\t\t\t\t\t<hr \/><h1><span style=\"vertical-align: inherit;\"><span style=\"vertical-align: inherit;\"><span style=\"vertical-align: inherit;\"><span style=\"vertical-align: inherit;\"><span style=\"vertical-align: inherit;\"><span style=\"vertical-align: inherit;\"><span style=\"vertical-align: inherit;\">Sobre N\u00f3s<\/span><\/span><\/span><\/span><\/span><\/span><\/span><\/h1><h5><span style=\"vertical-align: inherit;\"><span style=\"vertical-align: inherit;\"><span style=\"vertical-align: inherit;\"><span style=\"vertical-align: inherit;\"><span style=\"vertical-align: inherit;\"><span style=\"vertical-align: inherit;\"><span style=\"vertical-align: inherit;\">Somos Jairo e Neli, um casal louco por viajar.<\/span><\/span><\/span><\/span><\/span><\/span><\/span><\/h5><h5><span style=\"vertical-align: inherit;\"><span style=\"vertical-align: inherit;\"><span style=\"vertical-align: inherit;\"><span style=\"vertical-align: inherit;\"><span style=\"vertical-align: inherit;\"><span style=\"vertical-align: inherit;\"><span style=\"vertical-align: inherit;\">Viajamos de carro, \u00f4nibus, navio, trem, avi\u00e3o, enfim de qualquer jeito.\u00a0<\/span><\/span><\/span><\/span><\/span><\/span><\/span><\/h5><h5><span style=\"vertical-align: inherit;\"><span style=\"vertical-align: inherit;\"><span style=\"vertical-align: inherit;\"><span style=\"vertical-align: inherit;\"><span style=\"vertical-align: inherit;\"><span style=\"vertical-align: inherit;\"><span style=\"vertical-align: inherit;\">Depois de muitas viagens regionais e para outros estados brasileiros, realizamos, em 1997, nossa primeira viagem para o exterior, quando visitamos a Argentina e o Chile. <\/span><\/span><\/span><\/span><\/span><span style=\"vertical-align: inherit;\"><span style=\"vertical-align: inherit;\"><span style=\"vertical-align: inherit;\"><span style=\"vertical-align: inherit;\"><span style=\"vertical-align: inherit;\">No ano seguinte, em 1998, realizamos nossa primeira viagem \u00e0 Europa, visitando a Gr\u00e9cia, com cruzeiro \u00e0s ilhas gregas famosas, e tamb\u00e9m visitamos a parte oeste da Turquia.<\/span><\/span><\/span><\/span><\/span><\/span><\/span><\/h5><h5><span style=\"vertical-align: inherit;\"><span style=\"vertical-align: inherit;\"><span style=\"vertical-align: inherit;\"><span style=\"vertical-align: inherit;\"><span style=\"vertical-align: inherit;\"><span style=\"vertical-align: inherit;\"><span style=\"vertical-align: inherit;\">Foi um come\u00e7o que n\u00e3o parou mais.<\/span><\/span><\/span><\/span><\/span><\/span><\/span><\/h5><h5><span style=\"vertical-align: inherit;\"><span style=\"vertical-align: inherit;\"><span style=\"vertical-align: inherit;\"><span style=\"vertical-align: inherit;\"><span style=\"vertical-align: inherit;\"><span style=\"vertical-align: inherit;\"><span style=\"vertical-align: inherit;\">Ent\u00e3o resolvemos criar este site de fotos para acesso r\u00e1pido \u00e0 hist\u00f3ria de nossas viagens.<\/span><\/span><\/span><\/span><\/span><\/span><\/span><\/h5><p>\u00a0<\/p><p>\u00a0<\/p>\t\t\t\t\t\t\t\t<\/div>\n\t\t\t\t<\/div>\n\t\t\t\t\t<\/div>\n\t\t<\/div>\n\t\t\t\t\t<\/div>\n\t\t<\/section>\n\t\t\t\t<\/div>\n\t\t","protected":false},"excerpt":{"rendered":"<p>Previous Next Sobre N\u00f3s Somos Jairo e Neli, um casal louco por viajar. Viajamos de carro, \u00f4nibus, navio, trem, avi\u00e3o, enfim de qualquer jeito.\u00a0 Depois de muitas viagens regionais e para outros estados brasileiros, realizamos, em 1997, nossa primeira viagem para o exterior, quando visitamos a Argentina e o Chile. No ano seguinte, em 1998, realizamos nossa primeira viagem \u00e0 Europa, visitando a Gr\u00e9cia, com cruzeiro \u00e0s ilhas gregas famosas, e tamb\u00e9m visitamos a parte oeste da Turquia. Foi um come\u00e7o que n\u00e3o parou mais. Ent\u00e3o resolvemos criar este site de fotos para acesso r\u00e1pido \u00e0 hist\u00f3ria de nossas viagens. \u00a0 \u00a0<\/p>\n","protected":false},"author":1,"featured_media":0,"parent":716,"menu_order":0,"comment_status":"closed","ping_status":"closed","template":"page-templates\/template-pagebuilder-full-width.php","meta":{"neve_meta_sidebar":"","neve_meta_container":"","neve_meta_enable_content_width":"","neve_meta_content_width":0,"neve_meta_title_alignment":"","neve_meta_author_avatar":"","neve_post_elements_order":"","neve_meta_disable_header":"","neve_meta_disable_footer":"","neve_meta_disable_title":"","footnotes":""},"class_list":["post-748","page","type-page","status-publish","hentry"],"_links":{"self":[{"href":"https:\/\/loucosporviajar.net\/index.php\/wp-json\/wp\/v2\/pages\/748","targetHints":{"allow":["GET"]}}],"collection":[{"href":"https:\/\/loucosporviajar.net\/index.php\/wp-json\/wp\/v2\/pages"}],"about":[{"href":"https:\/\/loucosporviajar.net\/index.php\/wp-json\/wp\/v2\/types\/page"}],"author":[{"embeddable":true,"href":"https:\/\/loucosporviajar.net\/index.php\/wp-json\/wp\/v2\/users\/1"}],"replies":[{"embeddable":true,"href":"https:\/\/loucosporviajar.net\/index.php\/wp-json\/wp\/v2\/comments?post=748"}],"version-history":[{"count":7,"href":"https:\/\/loucosporviajar.net\/index.php\/wp-json\/wp\/v2\/pages\/748\/revisions"}],"predecessor-version":[{"id":760,"href":"https:\/\/loucosporviajar.net\/index.php\/wp-json\/wp\/v2\/pages\/748\/revisions\/760"}],"up":[{"embeddable":true,"href":"https:\/\/loucosporviajar.net\/index.php\/wp-json\/wp\/v2\/pages\/716"}],"wp:attachment":[{"href":"https:\/\/loucosporviajar.net\/index.php\/wp-json\/wp\/v2\/media?parent=748"}],"curies":[{"name":"wp","href":"https:\/\/api.w.org\/{rel}","templated":true}]}}